{"id":118,"date":"2022-12-06T14:30:25","date_gmt":"2022-12-06T14:30:25","guid":{"rendered":"https:\/\/www.offmarketparis.com\/privacy-policy\/"},"modified":"2022-12-14T11:49:36","modified_gmt":"2022-12-14T11:49:36","slug":"privacy-policy","status":"publish","type":"page","link":"https:\/\/www.offmarketparis.com\/fr\/privacy-policy\/","title":{"rendered":"Politique de confidentialit\u00e9"},"content":{"rendered":"\n<p>La confidentialit\u00e9 et la protection des donn\u00e9es personnelles sont au c\u0153ur des engagements de la soci\u00e9t\u00e9 BOOMERANG exploitante, propri\u00e9taire et responsable du site www.offmarketparis.com<\/p>\n\n\n\n<p>La politique de confidentialit\u00e9 et de protection des donn\u00e9es personnelles (ci-apr\u00e8s \u00ab Politique de confidentialit\u00e9 \u00bb) r\u00e9git la mani\u00e8re dont BOOMERANG collecte, utilise, divulgue, transf\u00e8re et stock vos informations personnelles.<\/p>\n\n\n\n<p>BOOMERANG garantit \u00eatre en conformit\u00e9 avec R\u00e8glement (UE) 2016\/679 du Parlement europ\u00e9en et du Conseil du 27 avril 2016 applicable depuis le 25 mai 2018 (ci-apr\u00e8s \u00ab RGPD \u00bb), ainsi qu\u2019aux autres lois fran\u00e7aises en la mati\u00e8re.<\/p>\n\n\n\n<p>Notre Politique de confidentialit\u00e9 est destin\u00e9e \u00e0 d\u00e9crire les mesures de s\u00e9curit\u00e9 et de confidentialit\u00e9 relatives \u00e0 vos donn\u00e9es personnelles mises en \u0153uvre par BOOMERANG notamment dans le cadre de l\u2019utilisation du site internet www.offmarketparis.com (ci-apr\u00e8s \u00ab Site Internet \u00bb).<\/p>\n\n\n\n<p>Le responsable de la collecte et du traitement de vos donn\u00e9es personnelles d\u00e9termine les objectifs qu\u2019il poursuit et les moyens utilis\u00e9s \u00e0 cette fin.<\/p>\n\n\n\n<p>Le responsable est la soci\u00e9t\u00e9 BOOMERANG, soci\u00e9t\u00e9 par actions simplifi\u00e9e, r\u00e9gie par la loi fran\u00e7aise, inscrite au Registre du commerce et des soci\u00e9t\u00e9s de Paris sous le n\u00b0 893 526 483, dont le si\u00e8ge social est 80, Avenue Kl\u00e9ber 75116 Paris (ci-apr\u00e8s la \u00ab Soci\u00e9t\u00e9 \u00bb), repr\u00e9sent\u00e9e par son Pr\u00e9sident Monsieur Andr\u00e9 Fabiani.<\/p>\n\n\n\n<p>Toutes les informations collect\u00e9es ne sont utilis\u00e9es que dans le cadre de votre relation commerciale avec la soci\u00e9t\u00e9 BOOMERANG. Ces informations ne sont jamais partag\u00e9es avec des tiers ou revendues.&nbsp;<\/p>\n\n\n\n<p>Pour un fonctionnement optimis\u00e9 du service, BOOMERANG utilise les cookies sur son site. Les cookies sont enregistr\u00e9s via le navigateur internet que vous utilisez et enregistrent les informations relatives \u00e0 votre navigation sur les sites appartenant \u00e0 BOOMERANG, afin de vous proposer une am\u00e9lioration de la navigation et des fonctionnalit\u00e9s propos\u00e9es lors d\u2019une de vos connexions ult\u00e9rieures. La dur\u00e9e de conservation de ces informations est limit\u00e9e \u00e0 13 mois et vous disposez de la fonctionnalit\u00e9 d\u2019opposition \u00e0 la collecte de cookies sur votre navigateur internet.&nbsp;<\/p>\n\n\n\n<p>Ces fichiers sont anonymes et l\u2019identification de l\u2019internaute visiteur d\u2019un site par ses cookies n\u2019est pas possible. Simples t\u00e9moins de connexion, leurs fonctions est de permettre de retenir momentan\u00e9ment les actions ou les saisies et ainsi de faciliter la navigation.<\/p>\n\n\n\n<p>Dans le but d\u2019am\u00e9liorer votre utilisation de nos services, faciliter la navigation sur notre site, et optimiser la performance de nos actions, nous impl\u00e9mentons trois types de cookies :<\/p>\n\n\n\n<p>Des cookies de session, aussi appel\u00e9s cookies de confort, qui ont pour objectif de maintenir votre \u00ab contexte de session \u00bb.<\/p>\n\n\n\n<p>Ces donn\u00e9es sont automatiquement d\u00e9truites quelques minutes apr\u00e8s le terme de votre navigation.<\/p>\n\n\n\n<p>Des cookies persistants, aussi appel\u00e9s cookies d\u2019analyse d\u2019audience. Ils servent essentiellement \u00e0 r\u00e9aliser des statistiques pour am\u00e9liorer notre site et notre service. La dur\u00e9e de conservation maximale de ces cookies est de 13 mois.<\/p>\n\n\n\n<p>Des cookies tiers permettant d\u2019\u00e9valuer la performance de nos actions publicitaires ou d\u2019envoyer des messages publicitaires cibl\u00e9s sur les espaces publicitaires de sites web tiers. La dur\u00e9e de conservation maximale de ces cookies est \u00e9tablie \u00e0 13 mois.<\/p>\n\n\n\n<p>Aujourd\u2019hui, nous utilisons 3 cookies tiers :<\/p>\n\n\n\n<p>Google analytics : Utilis\u00e9 \u00e0 des fins statistiques et d\u2019optimisation de la navigation utilisateur.<\/p>\n\n\n\n<p>Facebooks ads (instagram ads) : Utilis\u00e9 afin d\u2019adapter au mieux les publicit\u00e9s pouvant \u00eatre affich\u00e9 lors de votre navigation.<\/p>\n\n\n\n<p>Google adwords : Utilis\u00e9 afin d\u2019adapter au mieux les publicit\u00e9s pouvant \u00eatre affich\u00e9 lors de votre navigation.<\/p>\n\n\n\n<p>Enfin, les Utilisateurs disposent \u00e9galement du droit d\u2019introduire une r\u00e9clamation aupr\u00e8s de la Commission Nationale de l\u2019Informatique et des Libert\u00e9s (www.cnil.fr).<\/p>\n","protected":false},"excerpt":{"rendered":"<p>La confidentialit\u00e9 et la protection des donn\u00e9es personnelles sont au c\u0153ur des engagements de la soci\u00e9t\u00e9 BOOMERANG exploitante, propri\u00e9taire et responsable du site www.offmarketparis.com La politique de confidentialit\u00e9 et de protection des donn\u00e9es personnelles (ci-apr\u00e8s \u00ab Politique de confidentialit\u00e9 \u00bb) r\u00e9git la mani\u00e8re dont BOOMERANG collecte, utilise, divulgue, transf\u00e8re et stock vos informations personnelles. BOOMERANG [&hellip;]<\/p>\n","protected":false},"author":1,"featured_media":0,"parent":0,"menu_order":0,"comment_status":"closed","ping_status":"open","template":"template-parts\/page.php","meta":{"_acf_changed":false,"footnotes":""},"class_list":["post-118","page","type-page","status-publish","hentry"],"acf":[],"_links":{"self":[{"href":"https:\/\/www.offmarketparis.com\/fr\/wp-json\/wp\/v2\/pages\/118","targetHints":{"allow":["GET"]}}],"collection":[{"href":"https:\/\/www.offmarketparis.com\/fr\/wp-json\/wp\/v2\/pages"}],"about":[{"href":"https:\/\/www.offmarketparis.com\/fr\/wp-json\/wp\/v2\/types\/page"}],"author":[{"embeddable":true,"href":"https:\/\/www.offmarketparis.com\/fr\/wp-json\/wp\/v2\/users\/1"}],"replies":[{"embeddable":true,"href":"https:\/\/www.offmarketparis.com\/fr\/wp-json\/wp\/v2\/comments?post=118"}],"version-history":[{"count":3,"href":"https:\/\/www.offmarketparis.com\/fr\/wp-json\/wp\/v2\/pages\/118\/revisions"}],"predecessor-version":[{"id":162,"href":"https:\/\/www.offmarketparis.com\/fr\/wp-json\/wp\/v2\/pages\/118\/revisions\/162"}],"wp:attachment":[{"href":"https:\/\/www.offmarketparis.com\/fr\/wp-json\/wp\/v2\/media?parent=118"}],"curies":[{"name":"wp","href":"https:\/\/api.w.org\/{rel}","templated":true}]}}